{"id":754,"date":"2025-06-29T13:51:29","date_gmt":"2025-06-29T11:51:29","guid":{"rendered":"https:\/\/laineetlau.fr\/?page_id=754"},"modified":"2025-06-29T14:04:19","modified_gmt":"2025-06-29T12:04:19","slug":"professionnels","status":"publish","type":"page","link":"https:\/\/laineetlau.fr\/index.php\/professionnels\/","title":{"rendered":"Professionnels"},"content":{"rendered":"\t\t<div data-elementor-type=\"wp-page\" data-elementor-id=\"754\" class=\"elementor elementor-754\">\n\t\t\t\t\t\t<section class=\"elementor-section elementor-top-section elementor-element elementor-element-cd0e146 elementor-section-boxed elementor-section-height-default elementor-section-height-default\" data-id=\"cd0e146\" data-element_type=\"section\">\n\t\t\t\t\t\t<div class=\"elementor-container elementor-column-gap-default\">\n\t\t\t\t\t<div class=\"elementor-column elementor-col-50 elementor-top-column elementor-element elementor-element-c070a63\" data-id=\"c070a63\" data-element_type=\"column\">\n\t\t\t<div class=\"elementor-widget-wrap elementor-element-populated\">\n\t\t\t\t\t\t<div class=\"elementor-element elementor-element-85432bb elementor-widget elementor-widget-heading\" data-id=\"85432bb\" data-element_type=\"widget\" data-widget_type=\"heading.default\">\n\t\t\t\t<div class=\"elementor-widget-container\">\n\t\t\t\t\t<h2 class=\"elementor-heading-title elementor-size-default\">Vous \u00eates un professionnel ? Bienvenue chez Laine et Lau<\/h2>\t\t\t\t<\/div>\n\t\t\t\t<\/div>\n\t\t\t\t<div class=\"elementor-element elementor-element-3765def elementor-widget elementor-widget-text-editor\" data-id=\"3765def\" data-element_type=\"widget\" data-widget_type=\"text-editor.default\">\n\t\t\t\t<div class=\"elementor-widget-container\">\n\t\t\t\t\t\t\t\t\t<p data-start=\"590\" data-end=\"786\">Vous \u00eates une boutique, un restaurant, un h\u00f4tel, un bureau, un espace d\u2019accueil ou de soin ?<br data-start=\"682\" data-end=\"685\" \/>Vous cherchez \u00e0 apporter une <strong data-start=\"714\" data-end=\"770\">touche v\u00e9g\u00e9tale originale, durable et sans entretien<\/strong> \u00e0 vos espaces ?<\/p><p data-start=\"788\" data-end=\"954\">Chez <strong data-start=\"793\" data-end=\"809\">Laine et Lau<\/strong>, je cr\u00e9e des <strong data-start=\"823\" data-end=\"855\">fleurs et plantes au crochet<\/strong>, enti\u00e8rement faites \u00e0 la main, pens\u00e9es pour sublimer vos lieux tout en respectant vos contraintes.<\/p>\t\t\t\t\t\t\t\t<\/div>\n\t\t\t\t<\/div>\n\t\t\t\t<section class=\"elementor-section elementor-inner-section elementor-element elementor-element-47ccf5b elementor-section-boxed elementor-section-height-default elementor-section-height-default\" data-id=\"47ccf5b\" data-element_type=\"section\">\n\t\t\t\t\t\t<div class=\"elementor-container elementor-column-gap-default\">\n\t\t\t\t\t<div class=\"elementor-column elementor-col-33 elementor-inner-column elementor-element elementor-element-a05d9c3\" data-id=\"a05d9c3\" data-element_type=\"column\">\n\t\t\t<div class=\"elementor-widget-wrap elementor-element-populated\">\n\t\t\t\t\t\t<div class=\"elementor-element elementor-element-25057ce elementor-align-center elementor-widget elementor-widget-button\" data-id=\"25057ce\" data-element_type=\"widget\" data-widget_type=\"button.default\">\n\t\t\t\t<div class=\"elementor-widget-container\">\n\t\t\t\t\t\t\t\t\t<div class=\"elementor-button-wrapper\">\n\t\t\t\t\t<a class=\"elementor-button elementor-button-link elementor-size-sm\" href=\"#\">\n\t\t\t\t\t\t<span class=\"elementor-button-content-wrapper\">\n\t\t\t\t\t\t\t\t\t<span class=\"elementor-button-text\">Durable<\/span>\n\t\t\t\t\t<\/span>\n\t\t\t\t\t<\/a>\n\t\t\t\t<\/div>\n\t\t\t\t\t\t\t\t<\/div>\n\t\t\t\t<\/div>\n\t\t\t\t\t<\/div>\n\t\t<\/div>\n\t\t\t\t<div class=\"elementor-column elementor-col-33 elementor-inner-column elementor-element elementor-element-1325359\" data-id=\"1325359\" data-element_type=\"column\">\n\t\t\t<div class=\"elementor-widget-wrap elementor-element-populated\">\n\t\t\t\t\t\t<div class=\"elementor-element elementor-element-3869230 elementor-align-center elementor-widget elementor-widget-button\" data-id=\"3869230\" data-element_type=\"widget\" data-widget_type=\"button.default\">\n\t\t\t\t<div class=\"elementor-widget-container\">\n\t\t\t\t\t\t\t\t\t<div class=\"elementor-button-wrapper\">\n\t\t\t\t\t<a class=\"elementor-button elementor-button-link elementor-size-sm\" href=\"#\">\n\t\t\t\t\t\t<span class=\"elementor-button-content-wrapper\">\n\t\t\t\t\t\t\t\t\t<span class=\"elementor-button-text\">Orginal<\/span>\n\t\t\t\t\t<\/span>\n\t\t\t\t\t<\/a>\n\t\t\t\t<\/div>\n\t\t\t\t\t\t\t\t<\/div>\n\t\t\t\t<\/div>\n\t\t\t\t\t<\/div>\n\t\t<\/div>\n\t\t\t\t<div class=\"elementor-column elementor-col-33 elementor-inner-column elementor-element elementor-element-6bd8565\" data-id=\"6bd8565\" data-element_type=\"column\">\n\t\t\t<div class=\"elementor-widget-wrap elementor-element-populated\">\n\t\t\t\t\t\t<div class=\"elementor-element elementor-element-2914049 elementor-align-center elementor-widget elementor-widget-button\" data-id=\"2914049\" data-element_type=\"widget\" data-widget_type=\"button.default\">\n\t\t\t\t<div class=\"elementor-widget-container\">\n\t\t\t\t\t\t\t\t\t<div class=\"elementor-button-wrapper\">\n\t\t\t\t\t<a class=\"elementor-button elementor-button-link elementor-size-sm\" href=\"#\">\n\t\t\t\t\t\t<span class=\"elementor-button-content-wrapper\">\n\t\t\t\t\t\t\t\t\t<span class=\"elementor-button-text\">Local<\/span>\n\t\t\t\t\t<\/span>\n\t\t\t\t\t<\/a>\n\t\t\t\t<\/div>\n\t\t\t\t\t\t\t\t<\/div>\n\t\t\t\t<\/div>\n\t\t\t\t\t<\/div>\n\t\t<\/div>\n\t\t\t\t\t<\/div>\n\t\t<\/section>\n\t\t\t\t<section class=\"elementor-section elementor-inner-section elementor-element elementor-element-3af2bc8 elementor-section-boxed elementor-section-height-default elementor-section-height-default\" data-id=\"3af2bc8\" data-element_type=\"section\">\n\t\t\t\t\t\t<div class=\"elementor-container elementor-column-gap-default\">\n\t\t\t\t\t<div class=\"elementor-column elementor-col-100 elementor-inner-column elementor-element elementor-element-8f86404\" data-id=\"8f86404\" data-element_type=\"column\">\n\t\t\t<div class=\"elementor-widget-wrap elementor-element-populated\">\n\t\t\t\t\t\t<div class=\"elementor-element elementor-element-35dcd3d elementor-align-center elementor-widget elementor-widget-button\" data-id=\"35dcd3d\" data-element_type=\"widget\" data-widget_type=\"button.default\">\n\t\t\t\t<div class=\"elementor-widget-container\">\n\t\t\t\t\t\t\t\t\t<div class=\"elementor-button-wrapper\">\n\t\t\t\t\t<a class=\"elementor-button elementor-button-link elementor-size-sm\" href=\"mailto:laineetlau@outlook.fr\" atelier=\"\">\n\t\t\t\t\t\t<span class=\"elementor-button-content-wrapper\">\n\t\t\t\t\t\t\t\t\t<span class=\"elementor-button-text\">Un lieu \u00e0 d\u00e9corer ? Je vous \u00e9coute !<\/span>\n\t\t\t\t\t<\/span>\n\t\t\t\t\t<\/a>\n\t\t\t\t<\/div>\n\t\t\t\t\t\t\t\t<\/div>\n\t\t\t\t<\/div>\n\t\t\t\t\t<\/div>\n\t\t<\/div>\n\t\t\t\t\t<\/div>\n\t\t<\/section>\n\t\t\t\t\t<\/div>\n\t\t<\/div>\n\t\t\t\t<div class=\"elementor-column elementor-col-50 elementor-top-column elementor-element elementor-element-83b433e\" data-id=\"83b433e\" data-element_type=\"column\">\n\t\t\t<div class=\"elementor-widget-wrap elementor-element-populated\">\n\t\t\t\t\t\t<div class=\"elementor-element elementor-element-c2f0ba3 elementor-widget elementor-widget-image\" data-id=\"c2f0ba3\" data-element_type=\"widget\" data-widget_type=\"image.default\">\n\t\t\t\t<div class=\"elementor-widget-container\">\n\t\t\t\t\t\t\t\t\t\t\t\t\t\t\t<img fetchpriority=\"high\" decoding=\"async\" width=\"1024\" height=\"683\" src=\"https:\/\/laineetlau.fr\/wp-content\/uploads\/2025\/06\/IMG_2725-1024x683.jpg\" class=\"attachment-large size-large wp-image-756\" alt=\"\" srcset=\"https:\/\/laineetlau.fr\/wp-content\/uploads\/2025\/06\/IMG_2725-1024x683.jpg 1024w, https:\/\/laineetlau.fr\/wp-content\/uploads\/2025\/06\/IMG_2725-scaled-600x400.jpg 600w, https:\/\/laineetlau.fr\/wp-content\/uploads\/2025\/06\/IMG_2725-300x200.jpg 300w, https:\/\/laineetlau.fr\/wp-content\/uploads\/2025\/06\/IMG_2725-768x512.jpg 768w, https:\/\/laineetlau.fr\/wp-content\/uploads\/2025\/06\/IMG_2725-1536x1024.jpg 1536w, https:\/\/laineetlau.fr\/wp-content\/uploads\/2025\/06\/IMG_2725-2048x1365.jpg 2048w\" sizes=\"(max-width: 1024px) 100vw, 1024px\" \/>\t\t\t\t\t\t\t\t\t\t\t\t\t\t\t<\/div>\n\t\t\t\t<\/div>\n\t\t\t\t\t<\/div>\n\t\t<\/div>\n\t\t\t\t\t<\/div>\n\t\t<\/section>\n\t\t\t\t<section class=\"elementor-section elementor-top-section elementor-element elementor-element-bc442ec elementor-section-boxed elementor-section-height-default elementor-section-height-default\" data-id=\"bc442ec\" data-element_type=\"section\" data-settings=\"{&quot;background_background&quot;:&quot;classic&quot;}\">\n\t\t\t\t\t\t<div class=\"elementor-container elementor-column-gap-default\">\n\t\t\t\t\t<div class=\"elementor-column elementor-col-16 elementor-top-column elementor-element elementor-element-aa25eb0\" data-id=\"aa25eb0\" data-element_type=\"column\">\n\t\t\t<div class=\"elementor-widget-wrap elementor-element-populated\">\n\t\t\t\t\t\t<div class=\"elementor-element elementor-element-a1cb7ce elementor-widget elementor-widget-image\" data-id=\"a1cb7ce\" data-element_type=\"widget\" data-widget_type=\"image.default\">\n\t\t\t\t<div class=\"elementor-widget-container\">\n\t\t\t\t\t\t\t\t\t\t\t\t\t\t\t<img decoding=\"async\" width=\"683\" height=\"1024\" src=\"https:\/\/laineetlau.fr\/wp-content\/uploads\/2025\/06\/IMG_2680-683x1024.jpg\" class=\"attachment-large size-large wp-image-758\" alt=\"\" srcset=\"https:\/\/laineetlau.fr\/wp-content\/uploads\/2025\/06\/IMG_2680-683x1024.jpg 683w, https:\/\/laineetlau.fr\/wp-content\/uploads\/2025\/06\/IMG_2680-scaled-600x900.jpg 600w, https:\/\/laineetlau.fr\/wp-content\/uploads\/2025\/06\/IMG_2680-200x300.jpg 200w, https:\/\/laineetlau.fr\/wp-content\/uploads\/2025\/06\/IMG_2680-768x1152.jpg 768w, https:\/\/laineetlau.fr\/wp-content\/uploads\/2025\/06\/IMG_2680-scaled.jpg 1707w\" sizes=\"(max-width: 683px) 100vw, 683px\" \/>\t\t\t\t\t\t\t\t\t\t\t\t\t\t\t<\/div>\n\t\t\t\t<\/div>\n\t\t\t\t\t<\/div>\n\t\t<\/div>\n\t\t\t\t<div class=\"elementor-column elementor-col-66 elementor-top-column elementor-element elementor-element-d8f2a7e\" data-id=\"d8f2a7e\" data-element_type=\"column\">\n\t\t\t<div class=\"elementor-widget-wrap elementor-element-populated\">\n\t\t\t\t\t\t<div class=\"elementor-element elementor-element-853d390 elementor-widget elementor-widget-heading\" data-id=\"853d390\" data-element_type=\"widget\" data-widget_type=\"heading.default\">\n\t\t\t\t<div class=\"elementor-widget-container\">\n\t\t\t\t\t<h3 class=\"elementor-heading-title elementor-size-default\">Une d\u00e9coration personnalis\u00e9e pour vos espaces<\/h3>\t\t\t\t<\/div>\n\t\t\t\t<\/div>\n\t\t\t\t<div class=\"elementor-element elementor-element-fa4ca66 elementor-widget elementor-widget-text-editor\" data-id=\"fa4ca66\" data-element_type=\"widget\" data-widget_type=\"text-editor.default\">\n\t\t\t\t<div class=\"elementor-widget-container\">\n\t\t\t\t\t\t\t\t\t<p data-start=\"1453\" data-end=\"1548\">Je travaille uniquement <strong data-start=\"1477\" data-end=\"1493\">sur commande<\/strong>, en \u00e9changeant directement avec vous pour comprendre :<\/p><ul data-start=\"1550\" data-end=\"1773\"><li data-start=\"1550\" data-end=\"1628\"><p data-start=\"1552\" data-end=\"1628\">Vos besoins : espace(s) \u00e0 d\u00e9corer, ambiance recherch\u00e9e, volume, fr\u00e9quence&#8230;<\/p><\/li><li data-start=\"1629\" data-end=\"1707\"><p data-start=\"1631\" data-end=\"1707\">Vos envies : couleurs, formes, style de compositions, types de contenants&#8230;<\/p><\/li><li data-start=\"1708\" data-end=\"1773\"><p data-start=\"1710\" data-end=\"1773\">Vos contraintes : budget, d\u00e9lais, entretien, identit\u00e9 visuelle\u2026<\/p><\/li><\/ul><p data-start=\"1775\" data-end=\"1851\">Chaque cr\u00e9ation est pens\u00e9e pour s\u2019adapter \u00e0 <strong data-start=\"1819\" data-end=\"1850\">votre lieu et votre univers<\/strong>.<\/p>\t\t\t\t\t\t\t\t<\/div>\n\t\t\t\t<\/div>\n\t\t\t\t\t<\/div>\n\t\t<\/div>\n\t\t\t\t<div class=\"elementor-column elementor-col-16 elementor-top-column elementor-element elementor-element-1b972cf\" data-id=\"1b972cf\" data-element_type=\"column\">\n\t\t\t<div class=\"elementor-widget-wrap elementor-element-populated\">\n\t\t\t\t\t\t<div class=\"elementor-element elementor-element-eaa3ac0 elementor-widget elementor-widget-image\" data-id=\"eaa3ac0\" data-element_type=\"widget\" data-widget_type=\"image.default\">\n\t\t\t\t<div class=\"elementor-widget-container\">\n\t\t\t\t\t\t\t\t\t\t\t\t\t\t\t<img decoding=\"async\" width=\"683\" height=\"1024\" src=\"https:\/\/laineetlau.fr\/wp-content\/uploads\/2025\/06\/IMG_2640-683x1024.jpg\" class=\"attachment-large size-large wp-image-759\" alt=\"\" srcset=\"https:\/\/laineetlau.fr\/wp-content\/uploads\/2025\/06\/IMG_2640-683x1024.jpg 683w, https:\/\/laineetlau.fr\/wp-content\/uploads\/2025\/06\/IMG_2640-scaled-600x900.jpg 600w, https:\/\/laineetlau.fr\/wp-content\/uploads\/2025\/06\/IMG_2640-200x300.jpg 200w, https:\/\/laineetlau.fr\/wp-content\/uploads\/2025\/06\/IMG_2640-768x1152.jpg 768w, https:\/\/laineetlau.fr\/wp-content\/uploads\/2025\/06\/IMG_2640-1024x1536.jpg 1024w, https:\/\/laineetlau.fr\/wp-content\/uploads\/2025\/06\/IMG_2640-1365x2048.jpg 1365w, https:\/\/laineetlau.fr\/wp-content\/uploads\/2025\/06\/IMG_2640-scaled.jpg 1707w\" sizes=\"(max-width: 683px) 100vw, 683px\" \/>\t\t\t\t\t\t\t\t\t\t\t\t\t\t\t<\/div>\n\t\t\t\t<\/div>\n\t\t\t\t\t<\/div>\n\t\t<\/div>\n\t\t\t\t\t<\/div>\n\t\t<\/section>\n\t\t\t\t<section class=\"elementor-section elementor-top-section elementor-element elementor-element-edbc9e6 elementor-section-boxed elementor-section-height-default elementor-section-height-default\" data-id=\"edbc9e6\" data-element_type=\"section\">\n\t\t\t\t\t\t<div class=\"elementor-container elementor-column-gap-default\">\n\t\t\t\t\t<div class=\"elementor-column elementor-col-50 elementor-top-column elementor-element elementor-element-99be212\" data-id=\"99be212\" data-element_type=\"column\">\n\t\t\t<div class=\"elementor-widget-wrap elementor-element-populated\">\n\t\t\t\t\t\t<div class=\"elementor-element elementor-element-d734a4f elementor-widget elementor-widget-spacer\" data-id=\"d734a4f\" data-element_type=\"widget\" data-widget_type=\"spacer.default\">\n\t\t\t\t<div class=\"elementor-widget-container\">\n\t\t\t\t\t\t\t<div class=\"elementor-spacer\">\n\t\t\t<div class=\"elementor-spacer-inner\"><\/div>\n\t\t<\/div>\n\t\t\t\t\t\t<\/div>\n\t\t\t\t<\/div>\n\t\t\t\t<div class=\"elementor-element elementor-element-252ff2a elementor-widget elementor-widget-image\" data-id=\"252ff2a\" data-element_type=\"widget\" data-widget_type=\"image.default\">\n\t\t\t\t<div class=\"elementor-widget-container\">\n\t\t\t\t\t\t\t\t\t\t\t\t\t\t\t<img loading=\"lazy\" decoding=\"async\" width=\"1024\" height=\"1536\" src=\"https:\/\/laineetlau.fr\/wp-content\/uploads\/2025\/06\/IMG_2784-scaled.jpg\" class=\"attachment-1536x1536 size-1536x1536 wp-image-771\" alt=\"\" srcset=\"https:\/\/laineetlau.fr\/wp-content\/uploads\/2025\/06\/IMG_2784-scaled.jpg 1707w, https:\/\/laineetlau.fr\/wp-content\/uploads\/2025\/06\/IMG_2784-scaled-600x900.jpg 600w, https:\/\/laineetlau.fr\/wp-content\/uploads\/2025\/06\/IMG_2784-200x300.jpg 200w, https:\/\/laineetlau.fr\/wp-content\/uploads\/2025\/06\/IMG_2784-683x1024.jpg 683w, https:\/\/laineetlau.fr\/wp-content\/uploads\/2025\/06\/IMG_2784-768x1152.jpg 768w\" sizes=\"(max-width: 1024px) 100vw, 1024px\" \/>\t\t\t\t\t\t\t\t\t\t\t\t\t\t\t<\/div>\n\t\t\t\t<\/div>\n\t\t\t\t\t<\/div>\n\t\t<\/div>\n\t\t\t\t<div class=\"elementor-column elementor-col-50 elementor-top-column elementor-element elementor-element-b5a88d4\" data-id=\"b5a88d4\" data-element_type=\"column\">\n\t\t\t<div class=\"elementor-widget-wrap elementor-element-populated\">\n\t\t\t\t\t\t<div class=\"elementor-element elementor-element-42be487 elementor-widget elementor-widget-spacer\" data-id=\"42be487\" data-element_type=\"widget\" data-widget_type=\"spacer.default\">\n\t\t\t\t<div class=\"elementor-widget-container\">\n\t\t\t\t\t\t\t<div class=\"elementor-spacer\">\n\t\t\t<div class=\"elementor-spacer-inner\"><\/div>\n\t\t<\/div>\n\t\t\t\t\t\t<\/div>\n\t\t\t\t<\/div>\n\t\t\t\t<div class=\"elementor-element elementor-element-7474e66 elementor-widget elementor-widget-heading\" data-id=\"7474e66\" data-element_type=\"widget\" data-widget_type=\"heading.default\">\n\t\t\t\t<div class=\"elementor-widget-container\">\n\t\t\t\t\t<h3 class=\"elementor-heading-title elementor-size-default\">Une d\u00e9coration personnalis\u00e9e pour vos espaces<\/h3>\t\t\t\t<\/div>\n\t\t\t\t<\/div>\n\t\t\t\t<div class=\"elementor-element elementor-element-aff7264 elementor-widget elementor-widget-text-editor\" data-id=\"aff7264\" data-element_type=\"widget\" data-widget_type=\"text-editor.default\">\n\t\t\t\t<div class=\"elementor-widget-container\">\n\t\t\t\t\t\t\t\t\t<p data-start=\"1453\" data-end=\"1548\">Je travaille uniquement <strong data-start=\"1477\" data-end=\"1493\">sur commande<\/strong>, en \u00e9changeant directement avec vous pour comprendre :<\/p><ul data-start=\"1550\" data-end=\"1773\"><li data-start=\"1550\" data-end=\"1628\"><p data-start=\"1552\" data-end=\"1628\">Vos besoins : espace(s) \u00e0 d\u00e9corer, ambiance recherch\u00e9e, volume, fr\u00e9quence&#8230;<\/p><\/li><li data-start=\"1629\" data-end=\"1707\"><p data-start=\"1631\" data-end=\"1707\">Vos envies : couleurs, formes, style de compositions, types de contenants&#8230;<\/p><\/li><li data-start=\"1708\" data-end=\"1773\"><p data-start=\"1710\" data-end=\"1773\">Vos contraintes : budget, d\u00e9lais, entretien, identit\u00e9 visuelle\u2026<\/p><\/li><\/ul><p data-start=\"1775\" data-end=\"1851\">Chaque cr\u00e9ation est pens\u00e9e pour s\u2019adapter \u00e0 <strong data-start=\"1819\" data-end=\"1850\">votre lieu et votre univers<\/strong>.<\/p>\t\t\t\t\t\t\t\t<\/div>\n\t\t\t\t<\/div>\n\t\t\t\t\t<\/div>\n\t\t<\/div>\n\t\t\t\t\t<\/div>\n\t\t<\/section>\n\t\t\t\t<\/div>\n\t\t","protected":false},"excerpt":{"rendered":"<p>Vous \u00eates un professionnel ? Bienvenue chez Laine et Lau Vous \u00eates une boutique, un restaurant, un h\u00f4tel, un bureau, un espace d\u2019accueil ou de soin ?Vous cherchez \u00e0 apporter une touche v\u00e9g\u00e9tale originale, durable et sans entretien \u00e0 vos espaces ? Chez Laine et Lau, je cr\u00e9e des fleurs et plantes au crochet, enti\u00e8rement [&hellip;]<\/p>\n","protected":false},"author":1,"featured_media":0,"parent":0,"menu_order":0,"comment_status":"closed","ping_status":"closed","template":"","meta":{"footnotes":""},"class_list":["post-754","page","type-page","status-publish","hentry"],"blocksy_meta":[],"yoast_head":"<!-- This site is optimized with the Yoast SEO plugin v26.3 - https:\/\/yoast.com\/wordpress\/plugins\/seo\/ -->\n<title>Professionnels - Laine et Lau<\/title>\n<meta name=\"robots\" content=\"index, follow, max-snippet:-1, max-image-preview:large, max-video-preview:-1\" \/>\n<link rel=\"canonical\" href=\"https:\/\/laineetlau.fr\/index.php\/professionnels\/\" \/>\n<meta property=\"og:locale\" content=\"fr_FR\" \/>\n<meta property=\"og:type\" content=\"article\" \/>\n<meta property=\"og:title\" content=\"Professionnels - Laine et Lau\" \/>\n<meta property=\"og:description\" content=\"Vous \u00eates un professionnel ? Bienvenue chez Laine et Lau Vous \u00eates une boutique, un restaurant, un h\u00f4tel, un bureau, un espace d\u2019accueil ou de soin ?Vous cherchez \u00e0 apporter une touche v\u00e9g\u00e9tale originale, durable et sans entretien \u00e0 vos espaces ? Chez Laine et Lau, je cr\u00e9e des fleurs et plantes au crochet, enti\u00e8rement [&hellip;]\" \/>\n<meta property=\"og:url\" content=\"https:\/\/laineetlau.fr\/index.php\/professionnels\/\" \/>\n<meta property=\"og:site_name\" content=\"Laine et Lau\" \/>\n<meta property=\"article:modified_time\" content=\"2025-06-29T12:04:19+00:00\" \/>\n<meta property=\"og:image\" content=\"https:\/\/laineetlau.fr\/wp-content\/uploads\/2025\/06\/IMG_2725-1024x683.jpg\" \/>\n<meta name=\"twitter:card\" content=\"summary_large_image\" \/>\n<meta name=\"twitter:label1\" content=\"Dur\u00e9e de lecture estim\u00e9e\" \/>\n\t<meta name=\"twitter:data1\" content=\"2 minutes\" \/>\n<script type=\"application\/ld+json\" class=\"yoast-schema-graph\">{\"@context\":\"https:\/\/schema.org\",\"@graph\":[{\"@type\":\"WebPage\",\"@id\":\"https:\/\/laineetlau.fr\/index.php\/professionnels\/\",\"url\":\"https:\/\/laineetlau.fr\/index.php\/professionnels\/\",\"name\":\"Professionnels - Laine et Lau\",\"isPartOf\":{\"@id\":\"https:\/\/laineetlau.fr\/#website\"},\"primaryImageOfPage\":{\"@id\":\"https:\/\/laineetlau.fr\/index.php\/professionnels\/#primaryimage\"},\"image\":{\"@id\":\"https:\/\/laineetlau.fr\/index.php\/professionnels\/#primaryimage\"},\"thumbnailUrl\":\"https:\/\/laineetlau.fr\/wp-content\/uploads\/2025\/06\/IMG_2725-1024x683.jpg\",\"datePublished\":\"2025-06-29T11:51:29+00:00\",\"dateModified\":\"2025-06-29T12:04:19+00:00\",\"breadcrumb\":{\"@id\":\"https:\/\/laineetlau.fr\/index.php\/professionnels\/#breadcrumb\"},\"inLanguage\":\"fr-FR\",\"potentialAction\":[{\"@type\":\"ReadAction\",\"target\":[\"https:\/\/laineetlau.fr\/index.php\/professionnels\/\"]}]},{\"@type\":\"ImageObject\",\"inLanguage\":\"fr-FR\",\"@id\":\"https:\/\/laineetlau.fr\/index.php\/professionnels\/#primaryimage\",\"url\":\"https:\/\/laineetlau.fr\/wp-content\/uploads\/2025\/06\/IMG_2725-scaled.jpg\",\"contentUrl\":\"https:\/\/laineetlau.fr\/wp-content\/uploads\/2025\/06\/IMG_2725-scaled.jpg\",\"width\":2560,\"height\":1707},{\"@type\":\"BreadcrumbList\",\"@id\":\"https:\/\/laineetlau.fr\/index.php\/professionnels\/#breadcrumb\",\"itemListElement\":[{\"@type\":\"ListItem\",\"position\":1,\"name\":\"Accueil\",\"item\":\"https:\/\/laineetlau.fr\/\"},{\"@type\":\"ListItem\",\"position\":2,\"name\":\"Professionnels\"}]},{\"@type\":\"WebSite\",\"@id\":\"https:\/\/laineetlau.fr\/#website\",\"url\":\"https:\/\/laineetlau.fr\/\",\"name\":\"Laine et Lau\",\"description\":\"Fleuriste en crochet\",\"publisher\":{\"@id\":\"https:\/\/laineetlau.fr\/#organization\"},\"potentialAction\":[{\"@type\":\"SearchAction\",\"target\":{\"@type\":\"EntryPoint\",\"urlTemplate\":\"https:\/\/laineetlau.fr\/?s={search_term_string}\"},\"query-input\":{\"@type\":\"PropertyValueSpecification\",\"valueRequired\":true,\"valueName\":\"search_term_string\"}}],\"inLanguage\":\"fr-FR\"},{\"@type\":\"Organization\",\"@id\":\"https:\/\/laineetlau.fr\/#organization\",\"name\":\"Laine et Lau\",\"url\":\"https:\/\/laineetlau.fr\/\",\"logo\":{\"@type\":\"ImageObject\",\"inLanguage\":\"fr-FR\",\"@id\":\"https:\/\/laineetlau.fr\/#\/schema\/logo\/image\/\",\"url\":\"https:\/\/laineetlau.fr\/wp-content\/uploads\/2025\/10\/svg-couleur-avec-slogan.svg\",\"contentUrl\":\"https:\/\/laineetlau.fr\/wp-content\/uploads\/2025\/10\/svg-couleur-avec-slogan.svg\",\"width\":500,\"height\":500,\"caption\":\"Laine et Lau\"},\"image\":{\"@id\":\"https:\/\/laineetlau.fr\/#\/schema\/logo\/image\/\"}}]}<\/script>\n<!-- \/ Yoast SEO plugin. -->","yoast_head_json":{"title":"Professionnels - Laine et Lau","robots":{"index":"index","follow":"follow","max-snippet":"max-snippet:-1","max-image-preview":"max-image-preview:large","max-video-preview":"max-video-preview:-1"},"canonical":"https:\/\/laineetlau.fr\/index.php\/professionnels\/","og_locale":"fr_FR","og_type":"article","og_title":"Professionnels - Laine et Lau","og_description":"Vous \u00eates un professionnel ? Bienvenue chez Laine et Lau Vous \u00eates une boutique, un restaurant, un h\u00f4tel, un bureau, un espace d\u2019accueil ou de soin ?Vous cherchez \u00e0 apporter une touche v\u00e9g\u00e9tale originale, durable et sans entretien \u00e0 vos espaces ? Chez Laine et Lau, je cr\u00e9e des fleurs et plantes au crochet, enti\u00e8rement [&hellip;]","og_url":"https:\/\/laineetlau.fr\/index.php\/professionnels\/","og_site_name":"Laine et Lau","article_modified_time":"2025-06-29T12:04:19+00:00","og_image":[{"url":"https:\/\/laineetlau.fr\/wp-content\/uploads\/2025\/06\/IMG_2725-1024x683.jpg","type":"","width":"","height":""}],"twitter_card":"summary_large_image","twitter_misc":{"Dur\u00e9e de lecture estim\u00e9e":"2 minutes"},"schema":{"@context":"https:\/\/schema.org","@graph":[{"@type":"WebPage","@id":"https:\/\/laineetlau.fr\/index.php\/professionnels\/","url":"https:\/\/laineetlau.fr\/index.php\/professionnels\/","name":"Professionnels - Laine et Lau","isPartOf":{"@id":"https:\/\/laineetlau.fr\/#website"},"primaryImageOfPage":{"@id":"https:\/\/laineetlau.fr\/index.php\/professionnels\/#primaryimage"},"image":{"@id":"https:\/\/laineetlau.fr\/index.php\/professionnels\/#primaryimage"},"thumbnailUrl":"https:\/\/laineetlau.fr\/wp-content\/uploads\/2025\/06\/IMG_2725-1024x683.jpg","datePublished":"2025-06-29T11:51:29+00:00","dateModified":"2025-06-29T12:04:19+00:00","breadcrumb":{"@id":"https:\/\/laineetlau.fr\/index.php\/professionnels\/#breadcrumb"},"inLanguage":"fr-FR","potentialAction":[{"@type":"ReadAction","target":["https:\/\/laineetlau.fr\/index.php\/professionnels\/"]}]},{"@type":"ImageObject","inLanguage":"fr-FR","@id":"https:\/\/laineetlau.fr\/index.php\/professionnels\/#primaryimage","url":"https:\/\/laineetlau.fr\/wp-content\/uploads\/2025\/06\/IMG_2725-scaled.jpg","contentUrl":"https:\/\/laineetlau.fr\/wp-content\/uploads\/2025\/06\/IMG_2725-scaled.jpg","width":2560,"height":1707},{"@type":"BreadcrumbList","@id":"https:\/\/laineetlau.fr\/index.php\/professionnels\/#breadcrumb","itemListElement":[{"@type":"ListItem","position":1,"name":"Accueil","item":"https:\/\/laineetlau.fr\/"},{"@type":"ListItem","position":2,"name":"Professionnels"}]},{"@type":"WebSite","@id":"https:\/\/laineetlau.fr\/#website","url":"https:\/\/laineetlau.fr\/","name":"Laine et Lau","description":"Fleuriste en crochet","publisher":{"@id":"https:\/\/laineetlau.fr\/#organization"},"potentialAction":[{"@type":"SearchAction","target":{"@type":"EntryPoint","urlTemplate":"https:\/\/laineetlau.fr\/?s={search_term_string}"},"query-input":{"@type":"PropertyValueSpecification","valueRequired":true,"valueName":"search_term_string"}}],"inLanguage":"fr-FR"},{"@type":"Organization","@id":"https:\/\/laineetlau.fr\/#organization","name":"Laine et Lau","url":"https:\/\/laineetlau.fr\/","logo":{"@type":"ImageObject","inLanguage":"fr-FR","@id":"https:\/\/laineetlau.fr\/#\/schema\/logo\/image\/","url":"https:\/\/laineetlau.fr\/wp-content\/uploads\/2025\/10\/svg-couleur-avec-slogan.svg","contentUrl":"https:\/\/laineetlau.fr\/wp-content\/uploads\/2025\/10\/svg-couleur-avec-slogan.svg","width":500,"height":500,"caption":"Laine et Lau"},"image":{"@id":"https:\/\/laineetlau.fr\/#\/schema\/logo\/image\/"}}]}},"_links":{"self":[{"href":"https:\/\/laineetlau.fr\/index.php\/wp-json\/wp\/v2\/pages\/754","targetHints":{"allow":["GET"]}}],"collection":[{"href":"https:\/\/laineetlau.fr\/index.php\/wp-json\/wp\/v2\/pages"}],"about":[{"href":"https:\/\/laineetlau.fr\/index.php\/wp-json\/wp\/v2\/types\/page"}],"author":[{"embeddable":true,"href":"https:\/\/laineetlau.fr\/index.php\/wp-json\/wp\/v2\/users\/1"}],"replies":[{"embeddable":true,"href":"https:\/\/laineetlau.fr\/index.php\/wp-json\/wp\/v2\/comments?post=754"}],"version-history":[{"count":19,"href":"https:\/\/laineetlau.fr\/index.php\/wp-json\/wp\/v2\/pages\/754\/revisions"}],"predecessor-version":[{"id":780,"href":"https:\/\/laineetlau.fr\/index.php\/wp-json\/wp\/v2\/pages\/754\/revisions\/780"}],"wp:attachment":[{"href":"https:\/\/laineetlau.fr\/index.php\/wp-json\/wp\/v2\/media?parent=754"}],"curies":[{"name":"wp","href":"https:\/\/api.w.org\/{rel}","templated":true}]}}