{"id":1170,"date":"2025-10-19T19:11:09","date_gmt":"2025-10-19T17:11:09","guid":{"rendered":"https:\/\/laineetlau.fr\/?post_type=product&#038;p=1170"},"modified":"2025-11-16T16:20:26","modified_gmt":"2025-11-16T15:20:26","slug":"kit-creatif-tournesol-au-crochet","status":"publish","type":"product","link":"https:\/\/laineetlau.fr\/index.php\/produit\/kit-creatif-tournesol-au-crochet\/","title":{"rendered":"Kit cr\u00e9atif &#8211; Tournesol au crochet"},"content":{"rendered":"<p>\ud83c\udf3b Kit cr\u00e9atif \u2013 Tournesol au crochet<\/p>\n<p>Fais entrer un rayon de soleil chez toi avec ce kit cr\u00e9atif Tournesol en crochet<\/p>\n<p>Pas besoin d\u2019avoir la main verte : tu vas r\u00e9aliser pas \u00e0 pas une fleur \u00e9clatante qui ne fane jamais \ud83d\udc9b<\/p>\n<p>Ce kit contient tout le n\u00e9cessaire :<\/p>\n<p>&#8211; les pelotes de laine aux couleurs assorties,<br \/>\n&#8211; un crochet ergonomique adapt\u00e9,<br \/>\n&#8211; une aiguille \u00e0 laine,<br \/>\n&#8211; un marqueur de maille<br \/>\n&#8211; le rembourrage<\/p>\n<p>Tu trouveras aussi un petit livret d\u2019explications illustr\u00e9es ainsi qu\u2019un acc\u00e8s \u00e0 une vid\u00e9o tutorielle exclusive pour te guider \u00e0 chaque \u00e9tape.<\/p>\n<p>Au fil des mailles, tu apprendras \u00e0 monter tes premiers rangs, \u00e0 cr\u00e9er de jolis p\u00e9tales, \u00e0 assembler les diff\u00e9rentes parties et \u00e0 donner du volume \u00e0 ta fleur.<\/p>\n<p>Un projet accessible \u00e0 ceux qui ont d\u00e9j\u00e0 mani\u00e9 le crochet (ou au d\u00e9but particuli\u00e8rement pers\u00e9v\u00e9rants), id\u00e9al pour approfondir ton crochet.<\/p>\n<p>Ton tournesol termin\u00e9 mesurera environ 30 cm de haut. Il trouvera facilement sa place dans un vase, sur un bureau, ou comme cadeau unique.<\/p>\n<p>\u2728 Petit rappel : ce kit est avant tout une invitation \u00e0 la cr\u00e9ativit\u00e9. C&rsquo;est ok si ce n&rsquo;est pas parfait, l&rsquo;objectif est que tu passes un bon moment et que tu sois fi\u00e8re d&rsquo;avoir cr\u00e9e de tes mains une fleur \u00e9ternelle.<\/p>\n<p>Pr\u00e9par\u00e9 avec soin dans mon atelier \u00e0 Montpellier, chaque kit Laine et Lau est une invitation \u00e0 entrer dans mon univers color\u00e9. \ud83c\udf38<\/p>\n","protected":false},"excerpt":{"rendered":"<p>Kit cr\u00e9atif \u2013 Tournesol au crochet<\/p>\n<p>Fais entrer un rayon de soleil chez toi avec ce kit cr\u00e9atif Tournesol en crochet<\/p>\n","protected":false},"featured_media":1171,"template":"","meta":[],"product_brand":[],"product_cat":[51],"product_tag":[],"class_list":{"0":"post-1170","1":"product","2":"type-product","3":"status-publish","4":"has-post-thumbnail","6":"product_cat-kit_creatif_crochet","8":"first","9":"instock","10":"purchasable","11":"product-type-simple"},"yoast_head":"<!-- This site is optimized with the Yoast SEO plugin v26.3 - https:\/\/yoast.com\/wordpress\/plugins\/seo\/ -->\n<title>Kit cr\u00e9atif - Tournesol au crochet - Laine et Lau<\/title>\n<meta name=\"robots\" content=\"index, follow, max-snippet:-1, max-image-preview:large, max-video-preview:-1\" \/>\n<link rel=\"canonical\" href=\"https:\/\/laineetlau.fr\/index.php\/produit\/kit-creatif-tournesol-au-crochet\/\" \/>\n<meta property=\"og:locale\" content=\"fr_FR\" \/>\n<meta property=\"og:type\" content=\"article\" \/>\n<meta property=\"og:title\" content=\"Kit cr\u00e9atif - Tournesol au crochet - Laine et Lau\" \/>\n<meta property=\"og:description\" content=\"Kit cr\u00e9atif \u2013 Tournesol au crochet  Fais entrer un rayon de soleil chez toi avec ce kit cr\u00e9atif Tournesol en crochet\" \/>\n<meta property=\"og:url\" content=\"https:\/\/laineetlau.fr\/index.php\/produit\/kit-creatif-tournesol-au-crochet\/\" \/>\n<meta property=\"og:site_name\" content=\"Laine et Lau\" \/>\n<meta property=\"article:modified_time\" content=\"2025-11-16T15:20:26+00:00\" \/>\n<meta property=\"og:image\" content=\"https:\/\/laineetlau.fr\/wp-content\/uploads\/2025\/10\/Kit-tournesol.jpg\" \/>\n\t<meta property=\"og:image:width\" content=\"1831\" \/>\n\t<meta property=\"og:image:height\" content=\"1181\" \/>\n\t<meta property=\"og:image:type\" content=\"image\/jpeg\" \/>\n<meta name=\"twitter:card\" content=\"summary_large_image\" \/>\n<meta name=\"twitter:label1\" content=\"Dur\u00e9e de lecture estim\u00e9e\" \/>\n\t<meta name=\"twitter:data1\" content=\"2 minutes\" \/>\n<script type=\"application\/ld+json\" class=\"yoast-schema-graph\">{\"@context\":\"https:\/\/schema.org\",\"@graph\":[{\"@type\":\"WebPage\",\"@id\":\"https:\/\/laineetlau.fr\/index.php\/produit\/kit-creatif-tournesol-au-crochet\/\",\"url\":\"https:\/\/laineetlau.fr\/index.php\/produit\/kit-creatif-tournesol-au-crochet\/\",\"name\":\"Kit cr\u00e9atif - Tournesol au crochet - Laine et Lau\",\"isPartOf\":{\"@id\":\"https:\/\/laineetlau.fr\/#website\"},\"primaryImageOfPage\":{\"@id\":\"https:\/\/laineetlau.fr\/index.php\/produit\/kit-creatif-tournesol-au-crochet\/#primaryimage\"},\"image\":{\"@id\":\"https:\/\/laineetlau.fr\/index.php\/produit\/kit-creatif-tournesol-au-crochet\/#primaryimage\"},\"thumbnailUrl\":\"https:\/\/laineetlau.fr\/wp-content\/uploads\/2025\/10\/Kit-tournesol.jpg\",\"datePublished\":\"2025-10-19T17:11:09+00:00\",\"dateModified\":\"2025-11-16T15:20:26+00:00\",\"breadcrumb\":{\"@id\":\"https:\/\/laineetlau.fr\/index.php\/produit\/kit-creatif-tournesol-au-crochet\/#breadcrumb\"},\"inLanguage\":\"fr-FR\",\"potentialAction\":[{\"@type\":\"ReadAction\",\"target\":[\"https:\/\/laineetlau.fr\/index.php\/produit\/kit-creatif-tournesol-au-crochet\/\"]}]},{\"@type\":\"ImageObject\",\"inLanguage\":\"fr-FR\",\"@id\":\"https:\/\/laineetlau.fr\/index.php\/produit\/kit-creatif-tournesol-au-crochet\/#primaryimage\",\"url\":\"https:\/\/laineetlau.fr\/wp-content\/uploads\/2025\/10\/Kit-tournesol.jpg\",\"contentUrl\":\"https:\/\/laineetlau.fr\/wp-content\/uploads\/2025\/10\/Kit-tournesol.jpg\",\"width\":1831,\"height\":1181},{\"@type\":\"BreadcrumbList\",\"@id\":\"https:\/\/laineetlau.fr\/index.php\/produit\/kit-creatif-tournesol-au-crochet\/#breadcrumb\",\"itemListElement\":[{\"@type\":\"ListItem\",\"position\":1,\"name\":\"Accueil\",\"item\":\"https:\/\/laineetlau.fr\/\"},{\"@type\":\"ListItem\",\"position\":2,\"name\":\"Boutique\",\"item\":\"https:\/\/laineetlau.fr\/index.php\/boutique\/\"},{\"@type\":\"ListItem\",\"position\":3,\"name\":\"Kit cr\u00e9atif &#8211; Tournesol au crochet\"}]},{\"@type\":\"WebSite\",\"@id\":\"https:\/\/laineetlau.fr\/#website\",\"url\":\"https:\/\/laineetlau.fr\/\",\"name\":\"Laine et Lau\",\"description\":\"Fleuriste en crochet\",\"publisher\":{\"@id\":\"https:\/\/laineetlau.fr\/#organization\"},\"potentialAction\":[{\"@type\":\"SearchAction\",\"target\":{\"@type\":\"EntryPoint\",\"urlTemplate\":\"https:\/\/laineetlau.fr\/?s={search_term_string}\"},\"query-input\":{\"@type\":\"PropertyValueSpecification\",\"valueRequired\":true,\"valueName\":\"search_term_string\"}}],\"inLanguage\":\"fr-FR\"},{\"@type\":\"Organization\",\"@id\":\"https:\/\/laineetlau.fr\/#organization\",\"name\":\"Laine et Lau\",\"url\":\"https:\/\/laineetlau.fr\/\",\"logo\":{\"@type\":\"ImageObject\",\"inLanguage\":\"fr-FR\",\"@id\":\"https:\/\/laineetlau.fr\/#\/schema\/logo\/image\/\",\"url\":\"https:\/\/laineetlau.fr\/wp-content\/uploads\/2025\/10\/svg-couleur-avec-slogan.svg\",\"contentUrl\":\"https:\/\/laineetlau.fr\/wp-content\/uploads\/2025\/10\/svg-couleur-avec-slogan.svg\",\"width\":500,\"height\":500,\"caption\":\"Laine et Lau\"},\"image\":{\"@id\":\"https:\/\/laineetlau.fr\/#\/schema\/logo\/image\/\"}}]}<\/script>\n<!-- \/ Yoast SEO plugin. -->","yoast_head_json":{"title":"Kit cr\u00e9atif - Tournesol au crochet - Laine et Lau","robots":{"index":"index","follow":"follow","max-snippet":"max-snippet:-1","max-image-preview":"max-image-preview:large","max-video-preview":"max-video-preview:-1"},"canonical":"https:\/\/laineetlau.fr\/index.php\/produit\/kit-creatif-tournesol-au-crochet\/","og_locale":"fr_FR","og_type":"article","og_title":"Kit cr\u00e9atif - Tournesol au crochet - Laine et Lau","og_description":"Kit cr\u00e9atif \u2013 Tournesol au crochet  Fais entrer un rayon de soleil chez toi avec ce kit cr\u00e9atif Tournesol en crochet","og_url":"https:\/\/laineetlau.fr\/index.php\/produit\/kit-creatif-tournesol-au-crochet\/","og_site_name":"Laine et Lau","article_modified_time":"2025-11-16T15:20:26+00:00","og_image":[{"width":1831,"height":1181,"url":"https:\/\/laineetlau.fr\/wp-content\/uploads\/2025\/10\/Kit-tournesol.jpg","type":"image\/jpeg"}],"twitter_card":"summary_large_image","twitter_misc":{"Dur\u00e9e de lecture estim\u00e9e":"2 minutes"},"schema":{"@context":"https:\/\/schema.org","@graph":[{"@type":"WebPage","@id":"https:\/\/laineetlau.fr\/index.php\/produit\/kit-creatif-tournesol-au-crochet\/","url":"https:\/\/laineetlau.fr\/index.php\/produit\/kit-creatif-tournesol-au-crochet\/","name":"Kit cr\u00e9atif - Tournesol au crochet - Laine et Lau","isPartOf":{"@id":"https:\/\/laineetlau.fr\/#website"},"primaryImageOfPage":{"@id":"https:\/\/laineetlau.fr\/index.php\/produit\/kit-creatif-tournesol-au-crochet\/#primaryimage"},"image":{"@id":"https:\/\/laineetlau.fr\/index.php\/produit\/kit-creatif-tournesol-au-crochet\/#primaryimage"},"thumbnailUrl":"https:\/\/laineetlau.fr\/wp-content\/uploads\/2025\/10\/Kit-tournesol.jpg","datePublished":"2025-10-19T17:11:09+00:00","dateModified":"2025-11-16T15:20:26+00:00","breadcrumb":{"@id":"https:\/\/laineetlau.fr\/index.php\/produit\/kit-creatif-tournesol-au-crochet\/#breadcrumb"},"inLanguage":"fr-FR","potentialAction":[{"@type":"ReadAction","target":["https:\/\/laineetlau.fr\/index.php\/produit\/kit-creatif-tournesol-au-crochet\/"]}]},{"@type":"ImageObject","inLanguage":"fr-FR","@id":"https:\/\/laineetlau.fr\/index.php\/produit\/kit-creatif-tournesol-au-crochet\/#primaryimage","url":"https:\/\/laineetlau.fr\/wp-content\/uploads\/2025\/10\/Kit-tournesol.jpg","contentUrl":"https:\/\/laineetlau.fr\/wp-content\/uploads\/2025\/10\/Kit-tournesol.jpg","width":1831,"height":1181},{"@type":"BreadcrumbList","@id":"https:\/\/laineetlau.fr\/index.php\/produit\/kit-creatif-tournesol-au-crochet\/#breadcrumb","itemListElement":[{"@type":"ListItem","position":1,"name":"Accueil","item":"https:\/\/laineetlau.fr\/"},{"@type":"ListItem","position":2,"name":"Boutique","item":"https:\/\/laineetlau.fr\/index.php\/boutique\/"},{"@type":"ListItem","position":3,"name":"Kit cr\u00e9atif &#8211; Tournesol au crochet"}]},{"@type":"WebSite","@id":"https:\/\/laineetlau.fr\/#website","url":"https:\/\/laineetlau.fr\/","name":"Laine et Lau","description":"Fleuriste en crochet","publisher":{"@id":"https:\/\/laineetlau.fr\/#organization"},"potentialAction":[{"@type":"SearchAction","target":{"@type":"EntryPoint","urlTemplate":"https:\/\/laineetlau.fr\/?s={search_term_string}"},"query-input":{"@type":"PropertyValueSpecification","valueRequired":true,"valueName":"search_term_string"}}],"inLanguage":"fr-FR"},{"@type":"Organization","@id":"https:\/\/laineetlau.fr\/#organization","name":"Laine et Lau","url":"https:\/\/laineetlau.fr\/","logo":{"@type":"ImageObject","inLanguage":"fr-FR","@id":"https:\/\/laineetlau.fr\/#\/schema\/logo\/image\/","url":"https:\/\/laineetlau.fr\/wp-content\/uploads\/2025\/10\/svg-couleur-avec-slogan.svg","contentUrl":"https:\/\/laineetlau.fr\/wp-content\/uploads\/2025\/10\/svg-couleur-avec-slogan.svg","width":500,"height":500,"caption":"Laine et Lau"},"image":{"@id":"https:\/\/laineetlau.fr\/#\/schema\/logo\/image\/"}}]}},"_links":{"self":[{"href":"https:\/\/laineetlau.fr\/index.php\/wp-json\/wp\/v2\/product\/1170","targetHints":{"allow":["GET"]}}],"collection":[{"href":"https:\/\/laineetlau.fr\/index.php\/wp-json\/wp\/v2\/product"}],"about":[{"href":"https:\/\/laineetlau.fr\/index.php\/wp-json\/wp\/v2\/types\/product"}],"version-history":[{"count":1,"href":"https:\/\/laineetlau.fr\/index.php\/wp-json\/wp\/v2\/product\/1170\/revisions"}],"predecessor-version":[{"id":1172,"href":"https:\/\/laineetlau.fr\/index.php\/wp-json\/wp\/v2\/product\/1170\/revisions\/1172"}],"wp:featuredmedia":[{"embeddable":true,"href":"https:\/\/laineetlau.fr\/index.php\/wp-json\/wp\/v2\/media\/1171"}],"wp:attachment":[{"href":"https:\/\/laineetlau.fr\/index.php\/wp-json\/wp\/v2\/media?parent=1170"}],"wp:term":[{"taxonomy":"product_brand","embeddable":true,"href":"https:\/\/laineetlau.fr\/index.php\/wp-json\/wp\/v2\/product_brand?post=1170"},{"taxonomy":"product_cat","embeddable":true,"href":"https:\/\/laineetlau.fr\/index.php\/wp-json\/wp\/v2\/product_cat?post=1170"},{"taxonomy":"product_tag","embeddable":true,"href":"https:\/\/laineetlau.fr\/index.php\/wp-json\/wp\/v2\/product_tag?post=1170"}],"curies":[{"name":"wp","href":"https:\/\/api.w.org\/{rel}","templated":true}]}}