{"id":1209,"date":"2025-10-19T19:36:05","date_gmt":"2025-10-19T17:36:05","guid":{"rendered":"https:\/\/laineetlau.fr\/?post_type=product&#038;p=1209"},"modified":"2025-10-21T13:07:58","modified_gmt":"2025-10-21T11:07:58","slug":"tournesol-en-crochet","status":"publish","type":"product","link":"https:\/\/laineetlau.fr\/index.php\/produit\/tournesol-en-crochet\/","title":{"rendered":"Tournesol en crochet"},"content":{"rendered":"<p>Tournesol ensoleill\u00e9 crochet\u00e9 \u00e0 la main \ud83c\udf3b<\/p>\n<p>Seul, ou en bouquet, ils sont une super id\u00e9e de d\u00e9coration pour une chambre d&rsquo;enfant, une cuisine ou sur la table du salon dans un superbe vase ! Enti\u00e8rement crochet\u00e9 \u00e0 la main, avec passion et beaucoup d&rsquo;amour (parce que c&rsquo;est ma fleur pr\u00e9f\u00e9r\u00e9e je l&rsquo;avoue !), c&rsquo;est un bonne id\u00e9e cadeau, artisanal et durable, pour faire plaisir autour de vous\u2728<\/p>\n","protected":false},"excerpt":{"rendered":"<p>Tournesol ensoleill\u00e9 crochet\u00e9 \u00e0 la main \ud83c\udf3b Seul, ou en bouquet, ils sont une super id\u00e9e de d\u00e9coration pour une chambre d&rsquo;enfant, une cuisine ou sur la table du salon dans un superbe vase ! Enti\u00e8rement crochet\u00e9 \u00e0 la main, avec passion et beaucoup d&rsquo;amour (parce que c&rsquo;est ma fleur pr\u00e9f\u00e9r\u00e9e je l&rsquo;avoue !), c&rsquo;est [&hellip;]<\/p>\n","protected":false},"featured_media":1188,"template":"","meta":[],"product_brand":[],"product_cat":[50],"product_tag":[],"class_list":{"0":"post-1209","1":"product","2":"type-product","3":"status-publish","4":"has-post-thumbnail","6":"product_cat-fleurs_au_crochet","8":"first","9":"instock","10":"purchasable","11":"product-type-variable"},"yoast_head":"<!-- This site is optimized with the Yoast SEO plugin v26.3 - https:\/\/yoast.com\/wordpress\/plugins\/seo\/ -->\n<title>Tournesol en crochet - Laine et Lau<\/title>\n<meta name=\"robots\" content=\"index, follow, max-snippet:-1, max-image-preview:large, max-video-preview:-1\" \/>\n<link rel=\"canonical\" href=\"https:\/\/laineetlau.fr\/index.php\/produit\/tournesol-en-crochet\/\" \/>\n<meta property=\"og:locale\" content=\"fr_FR\" \/>\n<meta property=\"og:type\" content=\"article\" \/>\n<meta property=\"og:title\" content=\"Tournesol en crochet - Laine et Lau\" \/>\n<meta property=\"og:description\" content=\"Tournesol ensoleill\u00e9 crochet\u00e9 \u00e0 la main \ud83c\udf3b Seul, ou en bouquet, ils sont une super id\u00e9e de d\u00e9coration pour une chambre d&rsquo;enfant, une cuisine ou sur la table du salon dans un superbe vase ! Enti\u00e8rement crochet\u00e9 \u00e0 la main, avec passion et beaucoup d&rsquo;amour (parce que c&rsquo;est ma fleur pr\u00e9f\u00e9r\u00e9e je l&rsquo;avoue !), c&rsquo;est [&hellip;]\" \/>\n<meta property=\"og:url\" content=\"https:\/\/laineetlau.fr\/index.php\/produit\/tournesol-en-crochet\/\" \/>\n<meta property=\"og:site_name\" content=\"Laine et Lau\" \/>\n<meta property=\"article:modified_time\" content=\"2025-10-21T11:07:58+00:00\" \/>\n<meta property=\"og:image\" content=\"https:\/\/laineetlau.fr\/wp-content\/uploads\/2025\/10\/IMG_3276.jpeg\" \/>\n\t<meta property=\"og:image:width\" content=\"1800\" \/>\n\t<meta property=\"og:image:height\" content=\"2560\" \/>\n\t<meta property=\"og:image:type\" content=\"image\/jpeg\" \/>\n<meta name=\"twitter:card\" content=\"summary_large_image\" \/>\n<meta name=\"twitter:label1\" content=\"Dur\u00e9e de lecture estim\u00e9e\" \/>\n\t<meta name=\"twitter:data1\" content=\"1 minute\" \/>\n<script type=\"application\/ld+json\" class=\"yoast-schema-graph\">{\"@context\":\"https:\/\/schema.org\",\"@graph\":[{\"@type\":\"WebPage\",\"@id\":\"https:\/\/laineetlau.fr\/index.php\/produit\/tournesol-en-crochet\/\",\"url\":\"https:\/\/laineetlau.fr\/index.php\/produit\/tournesol-en-crochet\/\",\"name\":\"Tournesol en crochet - Laine et Lau\",\"isPartOf\":{\"@id\":\"https:\/\/laineetlau.fr\/#website\"},\"primaryImageOfPage\":{\"@id\":\"https:\/\/laineetlau.fr\/index.php\/produit\/tournesol-en-crochet\/#primaryimage\"},\"image\":{\"@id\":\"https:\/\/laineetlau.fr\/index.php\/produit\/tournesol-en-crochet\/#primaryimage\"},\"thumbnailUrl\":\"https:\/\/laineetlau.fr\/wp-content\/uploads\/2025\/10\/IMG_3276.jpeg\",\"datePublished\":\"2025-10-19T17:36:05+00:00\",\"dateModified\":\"2025-10-21T11:07:58+00:00\",\"breadcrumb\":{\"@id\":\"https:\/\/laineetlau.fr\/index.php\/produit\/tournesol-en-crochet\/#breadcrumb\"},\"inLanguage\":\"fr-FR\",\"potentialAction\":[{\"@type\":\"ReadAction\",\"target\":[\"https:\/\/laineetlau.fr\/index.php\/produit\/tournesol-en-crochet\/\"]}]},{\"@type\":\"ImageObject\",\"inLanguage\":\"fr-FR\",\"@id\":\"https:\/\/laineetlau.fr\/index.php\/produit\/tournesol-en-crochet\/#primaryimage\",\"url\":\"https:\/\/laineetlau.fr\/wp-content\/uploads\/2025\/10\/IMG_3276.jpeg\",\"contentUrl\":\"https:\/\/laineetlau.fr\/wp-content\/uploads\/2025\/10\/IMG_3276.jpeg\",\"width\":1800,\"height\":2560},{\"@type\":\"BreadcrumbList\",\"@id\":\"https:\/\/laineetlau.fr\/index.php\/produit\/tournesol-en-crochet\/#breadcrumb\",\"itemListElement\":[{\"@type\":\"ListItem\",\"position\":1,\"name\":\"Accueil\",\"item\":\"https:\/\/laineetlau.fr\/\"},{\"@type\":\"ListItem\",\"position\":2,\"name\":\"Boutique\",\"item\":\"https:\/\/laineetlau.fr\/index.php\/boutique\/\"},{\"@type\":\"ListItem\",\"position\":3,\"name\":\"Tournesol en crochet\"}]},{\"@type\":\"WebSite\",\"@id\":\"https:\/\/laineetlau.fr\/#website\",\"url\":\"https:\/\/laineetlau.fr\/\",\"name\":\"Laine et Lau\",\"description\":\"Fleuriste en crochet\",\"publisher\":{\"@id\":\"https:\/\/laineetlau.fr\/#organization\"},\"potentialAction\":[{\"@type\":\"SearchAction\",\"target\":{\"@type\":\"EntryPoint\",\"urlTemplate\":\"https:\/\/laineetlau.fr\/?s={search_term_string}\"},\"query-input\":{\"@type\":\"PropertyValueSpecification\",\"valueRequired\":true,\"valueName\":\"search_term_string\"}}],\"inLanguage\":\"fr-FR\"},{\"@type\":\"Organization\",\"@id\":\"https:\/\/laineetlau.fr\/#organization\",\"name\":\"Laine et Lau\",\"url\":\"https:\/\/laineetlau.fr\/\",\"logo\":{\"@type\":\"ImageObject\",\"inLanguage\":\"fr-FR\",\"@id\":\"https:\/\/laineetlau.fr\/#\/schema\/logo\/image\/\",\"url\":\"https:\/\/laineetlau.fr\/wp-content\/uploads\/2025\/10\/svg-couleur-avec-slogan.svg\",\"contentUrl\":\"https:\/\/laineetlau.fr\/wp-content\/uploads\/2025\/10\/svg-couleur-avec-slogan.svg\",\"width\":500,\"height\":500,\"caption\":\"Laine et Lau\"},\"image\":{\"@id\":\"https:\/\/laineetlau.fr\/#\/schema\/logo\/image\/\"}}]}<\/script>\n<!-- \/ Yoast SEO plugin. -->","yoast_head_json":{"title":"Tournesol en crochet - Laine et Lau","robots":{"index":"index","follow":"follow","max-snippet":"max-snippet:-1","max-image-preview":"max-image-preview:large","max-video-preview":"max-video-preview:-1"},"canonical":"https:\/\/laineetlau.fr\/index.php\/produit\/tournesol-en-crochet\/","og_locale":"fr_FR","og_type":"article","og_title":"Tournesol en crochet - Laine et Lau","og_description":"Tournesol ensoleill\u00e9 crochet\u00e9 \u00e0 la main \ud83c\udf3b Seul, ou en bouquet, ils sont une super id\u00e9e de d\u00e9coration pour une chambre d&rsquo;enfant, une cuisine ou sur la table du salon dans un superbe vase ! Enti\u00e8rement crochet\u00e9 \u00e0 la main, avec passion et beaucoup d&rsquo;amour (parce que c&rsquo;est ma fleur pr\u00e9f\u00e9r\u00e9e je l&rsquo;avoue !), c&rsquo;est [&hellip;]","og_url":"https:\/\/laineetlau.fr\/index.php\/produit\/tournesol-en-crochet\/","og_site_name":"Laine et Lau","article_modified_time":"2025-10-21T11:07:58+00:00","og_image":[{"width":1800,"height":2560,"url":"https:\/\/laineetlau.fr\/wp-content\/uploads\/2025\/10\/IMG_3276.jpeg","type":"image\/jpeg"}],"twitter_card":"summary_large_image","twitter_misc":{"Dur\u00e9e de lecture estim\u00e9e":"1 minute"},"schema":{"@context":"https:\/\/schema.org","@graph":[{"@type":"WebPage","@id":"https:\/\/laineetlau.fr\/index.php\/produit\/tournesol-en-crochet\/","url":"https:\/\/laineetlau.fr\/index.php\/produit\/tournesol-en-crochet\/","name":"Tournesol en crochet - Laine et Lau","isPartOf":{"@id":"https:\/\/laineetlau.fr\/#website"},"primaryImageOfPage":{"@id":"https:\/\/laineetlau.fr\/index.php\/produit\/tournesol-en-crochet\/#primaryimage"},"image":{"@id":"https:\/\/laineetlau.fr\/index.php\/produit\/tournesol-en-crochet\/#primaryimage"},"thumbnailUrl":"https:\/\/laineetlau.fr\/wp-content\/uploads\/2025\/10\/IMG_3276.jpeg","datePublished":"2025-10-19T17:36:05+00:00","dateModified":"2025-10-21T11:07:58+00:00","breadcrumb":{"@id":"https:\/\/laineetlau.fr\/index.php\/produit\/tournesol-en-crochet\/#breadcrumb"},"inLanguage":"fr-FR","potentialAction":[{"@type":"ReadAction","target":["https:\/\/laineetlau.fr\/index.php\/produit\/tournesol-en-crochet\/"]}]},{"@type":"ImageObject","inLanguage":"fr-FR","@id":"https:\/\/laineetlau.fr\/index.php\/produit\/tournesol-en-crochet\/#primaryimage","url":"https:\/\/laineetlau.fr\/wp-content\/uploads\/2025\/10\/IMG_3276.jpeg","contentUrl":"https:\/\/laineetlau.fr\/wp-content\/uploads\/2025\/10\/IMG_3276.jpeg","width":1800,"height":2560},{"@type":"BreadcrumbList","@id":"https:\/\/laineetlau.fr\/index.php\/produit\/tournesol-en-crochet\/#breadcrumb","itemListElement":[{"@type":"ListItem","position":1,"name":"Accueil","item":"https:\/\/laineetlau.fr\/"},{"@type":"ListItem","position":2,"name":"Boutique","item":"https:\/\/laineetlau.fr\/index.php\/boutique\/"},{"@type":"ListItem","position":3,"name":"Tournesol en crochet"}]},{"@type":"WebSite","@id":"https:\/\/laineetlau.fr\/#website","url":"https:\/\/laineetlau.fr\/","name":"Laine et Lau","description":"Fleuriste en crochet","publisher":{"@id":"https:\/\/laineetlau.fr\/#organization"},"potentialAction":[{"@type":"SearchAction","target":{"@type":"EntryPoint","urlTemplate":"https:\/\/laineetlau.fr\/?s={search_term_string}"},"query-input":{"@type":"PropertyValueSpecification","valueRequired":true,"valueName":"search_term_string"}}],"inLanguage":"fr-FR"},{"@type":"Organization","@id":"https:\/\/laineetlau.fr\/#organization","name":"Laine et Lau","url":"https:\/\/laineetlau.fr\/","logo":{"@type":"ImageObject","inLanguage":"fr-FR","@id":"https:\/\/laineetlau.fr\/#\/schema\/logo\/image\/","url":"https:\/\/laineetlau.fr\/wp-content\/uploads\/2025\/10\/svg-couleur-avec-slogan.svg","contentUrl":"https:\/\/laineetlau.fr\/wp-content\/uploads\/2025\/10\/svg-couleur-avec-slogan.svg","width":500,"height":500,"caption":"Laine et Lau"},"image":{"@id":"https:\/\/laineetlau.fr\/#\/schema\/logo\/image\/"}}]}},"_links":{"self":[{"href":"https:\/\/laineetlau.fr\/index.php\/wp-json\/wp\/v2\/product\/1209","targetHints":{"allow":["GET"]}}],"collection":[{"href":"https:\/\/laineetlau.fr\/index.php\/wp-json\/wp\/v2\/product"}],"about":[{"href":"https:\/\/laineetlau.fr\/index.php\/wp-json\/wp\/v2\/types\/product"}],"version-history":[{"count":2,"href":"https:\/\/laineetlau.fr\/index.php\/wp-json\/wp\/v2\/product\/1209\/revisions"}],"predecessor-version":[{"id":1274,"href":"https:\/\/laineetlau.fr\/index.php\/wp-json\/wp\/v2\/product\/1209\/revisions\/1274"}],"wp:featuredmedia":[{"embeddable":true,"href":"https:\/\/laineetlau.fr\/index.php\/wp-json\/wp\/v2\/media\/1188"}],"wp:attachment":[{"href":"https:\/\/laineetlau.fr\/index.php\/wp-json\/wp\/v2\/media?parent=1209"}],"wp:term":[{"taxonomy":"product_brand","embeddable":true,"href":"https:\/\/laineetlau.fr\/index.php\/wp-json\/wp\/v2\/product_brand?post=1209"},{"taxonomy":"product_cat","embeddable":true,"href":"https:\/\/laineetlau.fr\/index.php\/wp-json\/wp\/v2\/product_cat?post=1209"},{"taxonomy":"product_tag","embeddable":true,"href":"https:\/\/laineetlau.fr\/index.php\/wp-json\/wp\/v2\/product_tag?post=1209"}],"curies":[{"name":"wp","href":"https:\/\/api.w.org\/{rel}","templated":true}]}}