{"id":811,"date":"2025-10-19T18:32:19","date_gmt":"2025-10-19T16:32:19","guid":{"rendered":"https:\/\/laineetlau.fr\/?post_type=product&#038;p=811"},"modified":"2025-11-16T16:18:33","modified_gmt":"2025-11-16T15:18:33","slug":"test","status":"publish","type":"product","link":"https:\/\/laineetlau.fr\/index.php\/produit\/test\/","title":{"rendered":"Kit cr\u00e9atif &#8211; Mini plante au crochet"},"content":{"rendered":"<p>\ud83e\udeb4 Kit cr\u00e9atif \u2013 Mini plante au crochet<\/p>\n<p>Apporte une touche de verdure \u00e9ternelle \u00e0 ton int\u00e9rieur avec ce kit cr\u00e9atif Mini plante verte. Une cr\u00e9ation simple, pleine de charme, id\u00e9ale pour t\u2019initier au crochet ou pour savourer un moment de d\u00e9tente tout en fabriquant ton petit coin de nature durable. \u2728<\/p>\n<p>Ce kit, imagin\u00e9 et pr\u00e9par\u00e9 avec soin \u00e0 Montpellier, est une invitation \u00e0 ralentir, \u00e0 cr\u00e9er de tes mains et \u00e0 t\u2019entourer de petits objets po\u00e9tiques faits de fil et de patience. Avec Laine et Lau, le crochet devient un jardin \u00e9ternel \ud83c\udf38<br \/>\nPas besoin d\u2019avoir la main verte : tu vas r\u00e9aliser pas \u00e0 pas une fleur \u00e9clatante qui ne fane jamais \ud83d\udc9b<\/p>\n<p>Ce kit contient tout le n\u00e9cessaire :<br \/>\n&#8211; les pelotes de laine aux couleurs \u00e9clatantes,<br \/>\n&#8211; 2 crochets ergonomiques adapt\u00e9s,<br \/>\n&#8211; une aiguille \u00e0 laine,<br \/>\n&#8211; un marqueur de maille<br \/>\n&#8211; le rembourrage \/ le pot<\/p>\n<p>Tu trouveras aussi un petit livret d\u2019explications illustr\u00e9es ainsi qu\u2019un acc\u00e8s \u00e0 une vid\u00e9o tutorielle exclusive pour te guider \u00e0 chaque \u00e9tape. Que tu sois d\u00e9butant ou d\u00e9j\u00e0 habitu\u00e9 au crochet, ce projet est accessible et tr\u00e8s gratifiant. Une fois termin\u00e9, ta mini plante mesurera 8 cm de haut. Parfait pour d\u00e9corer une table, illuminer un coin de salon ou surprendre une personne ch\u00e8re avec une cr\u00e9ation faite main.<\/p>\n<p>\u2728 Petit rappel : ceci avant tout une invitation \u00e0 la cr\u00e9ativit\u00e9. C&rsquo;est ok si ce n&rsquo;est pas parfait, l&rsquo;objectif est que tu passes un bon moment et que tu sois fi\u00e8re d&rsquo;avoir cr\u00e9e de tes mains une fleur \u00e9ternelle.<\/p>\n","protected":false},"excerpt":{"rendered":"<p>Kit cr\u00e9atif \u2013 Mini plante au crochet<\/p>\n<p>Apporte une touche de verdure \u00e9ternelle \u00e0 ton int\u00e9rieur avec ce kit cr\u00e9atif Mini plante verte. Une cr\u00e9ation simple, pleine de charme, id\u00e9ale pour t\u2019initier au crochet ou pour savourer un moment de d\u00e9tente tout en fabriquant ton petit coin de nature durable.<\/p>\n","protected":false},"featured_media":812,"template":"","meta":[],"product_brand":[],"product_cat":[51],"product_tag":[],"class_list":{"0":"post-811","1":"product","2":"type-product","3":"status-publish","4":"has-post-thumbnail","6":"product_cat-kit_creatif_crochet","8":"first","9":"instock","10":"purchasable","11":"product-type-simple"},"yoast_head":"<!-- This site is optimized with the Yoast SEO plugin v26.3 - https:\/\/yoast.com\/wordpress\/plugins\/seo\/ -->\n<title>Kit cr\u00e9atif - Mini plante au crochet - Laine et Lau<\/title>\n<meta name=\"robots\" content=\"index, follow, max-snippet:-1, max-image-preview:large, max-video-preview:-1\" \/>\n<link rel=\"canonical\" href=\"https:\/\/laineetlau.fr\/index.php\/produit\/test\/\" \/>\n<meta property=\"og:locale\" content=\"fr_FR\" \/>\n<meta property=\"og:type\" content=\"article\" \/>\n<meta property=\"og:title\" content=\"Kit cr\u00e9atif - Mini plante au crochet - Laine et Lau\" \/>\n<meta property=\"og:description\" content=\"Kit cr\u00e9atif \u2013 Mini plante au crochet  Apporte une touche de verdure \u00e9ternelle \u00e0 ton int\u00e9rieur avec ce kit cr\u00e9atif Mini plante verte. Une cr\u00e9ation simple, pleine de charme, id\u00e9ale pour t\u2019initier au crochet ou pour savourer un moment de d\u00e9tente tout en fabriquant ton petit coin de nature durable.\" \/>\n<meta property=\"og:url\" content=\"https:\/\/laineetlau.fr\/index.php\/produit\/test\/\" \/>\n<meta property=\"og:site_name\" content=\"Laine et Lau\" \/>\n<meta property=\"article:modified_time\" content=\"2025-11-16T15:18:33+00:00\" \/>\n<meta property=\"og:image\" content=\"https:\/\/laineetlau.fr\/wp-content\/uploads\/2025\/10\/Kit-mini-plante.jpg\" \/>\n\t<meta property=\"og:image:width\" content=\"1831\" \/>\n\t<meta property=\"og:image:height\" content=\"1181\" \/>\n\t<meta property=\"og:image:type\" content=\"image\/jpeg\" \/>\n<meta name=\"twitter:card\" content=\"summary_large_image\" \/>\n<meta name=\"twitter:label1\" content=\"Dur\u00e9e de lecture estim\u00e9e\" \/>\n\t<meta name=\"twitter:data1\" content=\"2 minutes\" \/>\n<script type=\"application\/ld+json\" class=\"yoast-schema-graph\">{\"@context\":\"https:\/\/schema.org\",\"@graph\":[{\"@type\":\"WebPage\",\"@id\":\"https:\/\/laineetlau.fr\/index.php\/produit\/test\/\",\"url\":\"https:\/\/laineetlau.fr\/index.php\/produit\/test\/\",\"name\":\"Kit cr\u00e9atif - Mini plante au crochet - Laine et Lau\",\"isPartOf\":{\"@id\":\"https:\/\/laineetlau.fr\/#website\"},\"primaryImageOfPage\":{\"@id\":\"https:\/\/laineetlau.fr\/index.php\/produit\/test\/#primaryimage\"},\"image\":{\"@id\":\"https:\/\/laineetlau.fr\/index.php\/produit\/test\/#primaryimage\"},\"thumbnailUrl\":\"https:\/\/laineetlau.fr\/wp-content\/uploads\/2025\/10\/Kit-mini-plante.jpg\",\"datePublished\":\"2025-10-19T16:32:19+00:00\",\"dateModified\":\"2025-11-16T15:18:33+00:00\",\"breadcrumb\":{\"@id\":\"https:\/\/laineetlau.fr\/index.php\/produit\/test\/#breadcrumb\"},\"inLanguage\":\"fr-FR\",\"potentialAction\":[{\"@type\":\"ReadAction\",\"target\":[\"https:\/\/laineetlau.fr\/index.php\/produit\/test\/\"]}]},{\"@type\":\"ImageObject\",\"inLanguage\":\"fr-FR\",\"@id\":\"https:\/\/laineetlau.fr\/index.php\/produit\/test\/#primaryimage\",\"url\":\"https:\/\/laineetlau.fr\/wp-content\/uploads\/2025\/10\/Kit-mini-plante.jpg\",\"contentUrl\":\"https:\/\/laineetlau.fr\/wp-content\/uploads\/2025\/10\/Kit-mini-plante.jpg\",\"width\":1831,\"height\":1181},{\"@type\":\"BreadcrumbList\",\"@id\":\"https:\/\/laineetlau.fr\/index.php\/produit\/test\/#breadcrumb\",\"itemListElement\":[{\"@type\":\"ListItem\",\"position\":1,\"name\":\"Accueil\",\"item\":\"https:\/\/laineetlau.fr\/\"},{\"@type\":\"ListItem\",\"position\":2,\"name\":\"Boutique\",\"item\":\"https:\/\/laineetlau.fr\/index.php\/boutique\/\"},{\"@type\":\"ListItem\",\"position\":3,\"name\":\"Kit cr\u00e9atif &#8211; Mini plante au crochet\"}]},{\"@type\":\"WebSite\",\"@id\":\"https:\/\/laineetlau.fr\/#website\",\"url\":\"https:\/\/laineetlau.fr\/\",\"name\":\"Laine et Lau\",\"description\":\"Fleuriste en crochet\",\"publisher\":{\"@id\":\"https:\/\/laineetlau.fr\/#organization\"},\"potentialAction\":[{\"@type\":\"SearchAction\",\"target\":{\"@type\":\"EntryPoint\",\"urlTemplate\":\"https:\/\/laineetlau.fr\/?s={search_term_string}\"},\"query-input\":{\"@type\":\"PropertyValueSpecification\",\"valueRequired\":true,\"valueName\":\"search_term_string\"}}],\"inLanguage\":\"fr-FR\"},{\"@type\":\"Organization\",\"@id\":\"https:\/\/laineetlau.fr\/#organization\",\"name\":\"Laine et Lau\",\"url\":\"https:\/\/laineetlau.fr\/\",\"logo\":{\"@type\":\"ImageObject\",\"inLanguage\":\"fr-FR\",\"@id\":\"https:\/\/laineetlau.fr\/#\/schema\/logo\/image\/\",\"url\":\"https:\/\/laineetlau.fr\/wp-content\/uploads\/2025\/10\/svg-couleur-avec-slogan.svg\",\"contentUrl\":\"https:\/\/laineetlau.fr\/wp-content\/uploads\/2025\/10\/svg-couleur-avec-slogan.svg\",\"width\":500,\"height\":500,\"caption\":\"Laine et Lau\"},\"image\":{\"@id\":\"https:\/\/laineetlau.fr\/#\/schema\/logo\/image\/\"}}]}<\/script>\n<!-- \/ Yoast SEO plugin. -->","yoast_head_json":{"title":"Kit cr\u00e9atif - Mini plante au crochet - Laine et Lau","robots":{"index":"index","follow":"follow","max-snippet":"max-snippet:-1","max-image-preview":"max-image-preview:large","max-video-preview":"max-video-preview:-1"},"canonical":"https:\/\/laineetlau.fr\/index.php\/produit\/test\/","og_locale":"fr_FR","og_type":"article","og_title":"Kit cr\u00e9atif - Mini plante au crochet - Laine et Lau","og_description":"Kit cr\u00e9atif \u2013 Mini plante au crochet  Apporte une touche de verdure \u00e9ternelle \u00e0 ton int\u00e9rieur avec ce kit cr\u00e9atif Mini plante verte. Une cr\u00e9ation simple, pleine de charme, id\u00e9ale pour t\u2019initier au crochet ou pour savourer un moment de d\u00e9tente tout en fabriquant ton petit coin de nature durable.","og_url":"https:\/\/laineetlau.fr\/index.php\/produit\/test\/","og_site_name":"Laine et Lau","article_modified_time":"2025-11-16T15:18:33+00:00","og_image":[{"width":1831,"height":1181,"url":"https:\/\/laineetlau.fr\/wp-content\/uploads\/2025\/10\/Kit-mini-plante.jpg","type":"image\/jpeg"}],"twitter_card":"summary_large_image","twitter_misc":{"Dur\u00e9e de lecture estim\u00e9e":"2 minutes"},"schema":{"@context":"https:\/\/schema.org","@graph":[{"@type":"WebPage","@id":"https:\/\/laineetlau.fr\/index.php\/produit\/test\/","url":"https:\/\/laineetlau.fr\/index.php\/produit\/test\/","name":"Kit cr\u00e9atif - Mini plante au crochet - Laine et Lau","isPartOf":{"@id":"https:\/\/laineetlau.fr\/#website"},"primaryImageOfPage":{"@id":"https:\/\/laineetlau.fr\/index.php\/produit\/test\/#primaryimage"},"image":{"@id":"https:\/\/laineetlau.fr\/index.php\/produit\/test\/#primaryimage"},"thumbnailUrl":"https:\/\/laineetlau.fr\/wp-content\/uploads\/2025\/10\/Kit-mini-plante.jpg","datePublished":"2025-10-19T16:32:19+00:00","dateModified":"2025-11-16T15:18:33+00:00","breadcrumb":{"@id":"https:\/\/laineetlau.fr\/index.php\/produit\/test\/#breadcrumb"},"inLanguage":"fr-FR","potentialAction":[{"@type":"ReadAction","target":["https:\/\/laineetlau.fr\/index.php\/produit\/test\/"]}]},{"@type":"ImageObject","inLanguage":"fr-FR","@id":"https:\/\/laineetlau.fr\/index.php\/produit\/test\/#primaryimage","url":"https:\/\/laineetlau.fr\/wp-content\/uploads\/2025\/10\/Kit-mini-plante.jpg","contentUrl":"https:\/\/laineetlau.fr\/wp-content\/uploads\/2025\/10\/Kit-mini-plante.jpg","width":1831,"height":1181},{"@type":"BreadcrumbList","@id":"https:\/\/laineetlau.fr\/index.php\/produit\/test\/#breadcrumb","itemListElement":[{"@type":"ListItem","position":1,"name":"Accueil","item":"https:\/\/laineetlau.fr\/"},{"@type":"ListItem","position":2,"name":"Boutique","item":"https:\/\/laineetlau.fr\/index.php\/boutique\/"},{"@type":"ListItem","position":3,"name":"Kit cr\u00e9atif &#8211; Mini plante au crochet"}]},{"@type":"WebSite","@id":"https:\/\/laineetlau.fr\/#website","url":"https:\/\/laineetlau.fr\/","name":"Laine et Lau","description":"Fleuriste en crochet","publisher":{"@id":"https:\/\/laineetlau.fr\/#organization"},"potentialAction":[{"@type":"SearchAction","target":{"@type":"EntryPoint","urlTemplate":"https:\/\/laineetlau.fr\/?s={search_term_string}"},"query-input":{"@type":"PropertyValueSpecification","valueRequired":true,"valueName":"search_term_string"}}],"inLanguage":"fr-FR"},{"@type":"Organization","@id":"https:\/\/laineetlau.fr\/#organization","name":"Laine et Lau","url":"https:\/\/laineetlau.fr\/","logo":{"@type":"ImageObject","inLanguage":"fr-FR","@id":"https:\/\/laineetlau.fr\/#\/schema\/logo\/image\/","url":"https:\/\/laineetlau.fr\/wp-content\/uploads\/2025\/10\/svg-couleur-avec-slogan.svg","contentUrl":"https:\/\/laineetlau.fr\/wp-content\/uploads\/2025\/10\/svg-couleur-avec-slogan.svg","width":500,"height":500,"caption":"Laine et Lau"},"image":{"@id":"https:\/\/laineetlau.fr\/#\/schema\/logo\/image\/"}}]}},"_links":{"self":[{"href":"https:\/\/laineetlau.fr\/index.php\/wp-json\/wp\/v2\/product\/811","targetHints":{"allow":["GET"]}}],"collection":[{"href":"https:\/\/laineetlau.fr\/index.php\/wp-json\/wp\/v2\/product"}],"about":[{"href":"https:\/\/laineetlau.fr\/index.php\/wp-json\/wp\/v2\/types\/product"}],"version-history":[{"count":4,"href":"https:\/\/laineetlau.fr\/index.php\/wp-json\/wp\/v2\/product\/811\/revisions"}],"predecessor-version":[{"id":1167,"href":"https:\/\/laineetlau.fr\/index.php\/wp-json\/wp\/v2\/product\/811\/revisions\/1167"}],"wp:featuredmedia":[{"embeddable":true,"href":"https:\/\/laineetlau.fr\/index.php\/wp-json\/wp\/v2\/media\/812"}],"wp:attachment":[{"href":"https:\/\/laineetlau.fr\/index.php\/wp-json\/wp\/v2\/media?parent=811"}],"wp:term":[{"taxonomy":"product_brand","embeddable":true,"href":"https:\/\/laineetlau.fr\/index.php\/wp-json\/wp\/v2\/product_brand?post=811"},{"taxonomy":"product_cat","embeddable":true,"href":"https:\/\/laineetlau.fr\/index.php\/wp-json\/wp\/v2\/product_cat?post=811"},{"taxonomy":"product_tag","embeddable":true,"href":"https:\/\/laineetlau.fr\/index.php\/wp-json\/wp\/v2\/product_tag?post=811"}],"curies":[{"name":"wp","href":"https:\/\/api.w.org\/{rel}","templated":true}]}}